{"id":513,"date":"2020-04-20T14:38:50","date_gmt":"2020-04-20T14:38:50","guid":{"rendered":"http:\/\/suyter.com\/met\/?page_id=513"},"modified":"2020-09-09T18:15:52","modified_gmt":"2020-09-09T18:15:52","slug":"empresa","status":"publish","type":"page","link":"https:\/\/www.montajeselectricostarragona.com\/en\/empresa\/","title":{"rendered":"Company"},"content":{"rendered":"<div data-elementor-type=\"wp-page\" data-elementor-id=\"513\" class=\"elementor elementor-513\">\n\t\t\t\t\t\t<div class=\"elementor-inner\">\n\t\t\t\t<div class=\"elementor-section-wrap\">\n\t\t\t\t\t\t\t\t\t<section class=\"elementor-section elementor-top-section elementor-element elementor-element-321a82e9 elementor-section-boxed elementor-section-height-default elementor-section-height-default\" data-id=\"321a82e9\" data-element_type=\"section\">\n\t\t\t\t\t\t<div class=\"elementor-container elementor-column-gap-default\">\n\t\t\t\t\t\t\t<div class=\"elementor-row\">\n\t\t\t\t\t<div class=\"elementor-column elementor-col-100 elementor-top-column elementor-element elementor-element-3d52721f\" data-id=\"3d52721f\" data-element_type=\"column\">\n\t\t\t<div class=\"elementor-column-wrap elementor-element-populated\">\n\t\t\t\t\t\t\t<div class=\"elementor-widget-wrap\">\n\t\t\t\t\t\t<div class=\"elementor-element elementor-element-79d5770c elementor-widget elementor-widget-text-editor\" data-id=\"79d5770c\" data-element_type=\"widget\" data-widget_type=\"text-editor.default\">\n\t\t\t\t<div class=\"elementor-widget-container\">\n\t\t\t\t\t\t\t\t<div class=\"elementor-text-editor elementor-clearfix\">\n\t\t\t\t<!-- wp:heading {\"level\":4} -->\n<h2><span class=\"has-inline-color has-very-dark-gray-color\">Tarragona Electric Assembly Company<\/span><\/h2>\n<!-- \/wp:heading --><!-- wp:paragraph -->\n<p>Montajes El\u00e9ctricos Tarragona, S.A.,\u00a0<strong>MET<\/strong>, is one of the oldest electrical assembly companies in the province of Tarragona.<br \/>It was founded in 1974, dedicating itself exclusively to the industrial field.<\/p>\n<!-- \/wp:paragraph --><!-- wp:paragraph -->\n<p class=\" translation-block\">Currently, the company consists of a highly qualified human team with extensive experience and continuous training, specialized in providing efficient and quality solutions in the shortest possible time in order to satisfy its customers.<\/p>\n<!-- \/wp:paragraph --><!-- wp:paragraph -->\n<p>We have the most advanced means to project, design, plan and carry out Low Voltage installations and maintenance.<br \/>Since 2004 we have been certified in ISO 9001 Quality Management System.<\/p>\n<!-- \/wp:paragraph --><!-- wp:paragraph --><!-- \/wp:list -->\t\t\t\t\t<\/div>\n\t\t\t\t\t\t<\/div>\n\t\t\t\t<\/div>\n\t\t\t\t\t\t<\/div>\n\t\t\t\t\t<\/div>\n\t\t<\/div>\n\t\t\t\t\t\t\t\t<\/div>\n\t\t\t\t\t<\/div>\n\t\t<\/section>\n\t\t\t\t<section class=\"elementor-section elementor-top-section elementor-element elementor-element-91eccf8 elementor-section-boxed elementor-section-height-default elementor-section-height-default\" data-id=\"91eccf8\" data-element_type=\"section\">\n\t\t\t\t\t\t<div class=\"elementor-container elementor-column-gap-default\">\n\t\t\t\t\t\t\t<div class=\"elementor-row\">\n\t\t\t\t\t<div class=\"elementor-column elementor-col-100 elementor-top-column elementor-element elementor-element-0d4decd\" data-id=\"0d4decd\" data-element_type=\"column\">\n\t\t\t<div class=\"elementor-column-wrap elementor-element-populated\">\n\t\t\t\t\t\t\t<div class=\"elementor-widget-wrap\">\n\t\t\t\t\t\t<div class=\"elementor-element elementor-element-90bd1a1 elementor-widget elementor-widget-text-editor\" data-id=\"90bd1a1\" data-element_type=\"widget\" data-widget_type=\"text-editor.default\">\n\t\t\t\t<div class=\"elementor-widget-container\">\n\t\t\t\t\t\t\t\t<div class=\"elementor-text-editor elementor-clearfix\">\n\t\t\t\t<!-- wp:heading {\"level\":4} --><!-- \/wp:paragraph --><!-- wp:paragraph -->\n<p style=\"text-align: left;\"><span style=\"color: #333333;\"><strong>Our main clients are large and medium-sized companies such as<\/strong><\/span><\/p>\n<!-- \/wp:paragraph --><!-- wp:list --><!-- \/wp:list -->\t\t\t\t\t<\/div>\n\t\t\t\t\t\t<\/div>\n\t\t\t\t<\/div>\n\t\t\t\t\t\t<\/div>\n\t\t\t\t\t<\/div>\n\t\t<\/div>\n\t\t\t\t\t\t\t\t<\/div>\n\t\t\t\t\t<\/div>\n\t\t<\/section>\n\t\t\t\t<section class=\"elementor-section elementor-top-section elementor-element elementor-element-be89fc2 elementor-section-boxed elementor-section-height-default elementor-section-height-default\" data-id=\"be89fc2\" data-element_type=\"section\">\n\t\t\t\t\t\t<div class=\"elementor-container elementor-column-gap-default\">\n\t\t\t\t\t\t\t<div class=\"elementor-row\">\n\t\t\t\t\t<div class=\"elementor-column elementor-col-25 elementor-top-column elementor-element elementor-element-2cc4481\" data-id=\"2cc4481\" data-element_type=\"column\">\n\t\t\t<div class=\"elementor-column-wrap elementor-element-populated\">\n\t\t\t\t\t\t\t<div class=\"elementor-widget-wrap\">\n\t\t\t\t\t\t<div class=\"elementor-element elementor-element-1e91015 elementor-position-top elementor-vertical-align-top elementor-widget elementor-widget-image-box\" data-id=\"1e91015\" data-element_type=\"widget\" data-widget_type=\"image-box.default\">\n\t\t\t\t<div class=\"elementor-widget-container\">\n\t\t\t<div class=\"elementor-image-box-wrapper\"><figure class=\"elementor-image-box-img\"><img decoding=\"async\" width=\"300\" height=\"270\" src=\"https:\/\/www.montajeselectricostarragona.com\/wp-content\/uploads\/2020\/04\/e1.jpg\" class=\"elementor-animation-grow attachment-full size-full\" alt=\"\" loading=\"lazy\" \/><\/figure><div class=\"elementor-image-box-content\"><h3 class=\"elementor-image-box-title\">Chemical industries<\/h3><\/div><\/div>\t\t<\/div>\n\t\t\t\t<\/div>\n\t\t\t\t\t\t<\/div>\n\t\t\t\t\t<\/div>\n\t\t<\/div>\n\t\t\t\t<div class=\"elementor-column elementor-col-25 elementor-top-column elementor-element elementor-element-3139cb4\" data-id=\"3139cb4\" data-element_type=\"column\">\n\t\t\t<div class=\"elementor-column-wrap elementor-element-populated\">\n\t\t\t\t\t\t\t<div class=\"elementor-widget-wrap\">\n\t\t\t\t\t\t<div class=\"elementor-element elementor-element-71af058 elementor-position-top elementor-vertical-align-top elementor-widget elementor-widget-image-box\" data-id=\"71af058\" data-element_type=\"widget\" data-widget_type=\"image-box.default\">\n\t\t\t\t<div class=\"elementor-widget-container\">\n\t\t\t<div class=\"elementor-image-box-wrapper\"><figure class=\"elementor-image-box-img\"><img decoding=\"async\" width=\"300\" height=\"270\" src=\"https:\/\/www.montajeselectricostarragona.com\/wp-content\/uploads\/2020\/04\/e2.jpg\" class=\"elementor-animation-grow attachment-full size-full\" alt=\"\" loading=\"lazy\" \/><\/figure><div class=\"elementor-image-box-content\"><h3 class=\"elementor-image-box-title\">Glass manufacturers<\/h3><\/div><\/div>\t\t<\/div>\n\t\t\t\t<\/div>\n\t\t\t\t\t\t<\/div>\n\t\t\t\t\t<\/div>\n\t\t<\/div>\n\t\t\t\t<div class=\"elementor-column elementor-col-25 elementor-top-column elementor-element elementor-element-90cac91\" data-id=\"90cac91\" data-element_type=\"column\">\n\t\t\t<div class=\"elementor-column-wrap elementor-element-populated\">\n\t\t\t\t\t\t\t<div class=\"elementor-widget-wrap\">\n\t\t\t\t\t\t<div class=\"elementor-element elementor-element-fb1e11a elementor-position-top elementor-vertical-align-top elementor-widget elementor-widget-image-box\" data-id=\"fb1e11a\" data-element_type=\"widget\" data-widget_type=\"image-box.default\">\n\t\t\t\t<div class=\"elementor-widget-container\">\n\t\t\t<div class=\"elementor-image-box-wrapper\"><figure class=\"elementor-image-box-img\"><img decoding=\"async\" width=\"300\" height=\"270\" src=\"https:\/\/www.montajeselectricostarragona.com\/wp-content\/uploads\/2020\/04\/e3.jpg\" class=\"elementor-animation-grow attachment-full size-full\" alt=\"\" loading=\"lazy\" \/><\/figure><div class=\"elementor-image-box-content\"><h3 class=\"elementor-image-box-title\">Consumer packaging manufacturers<\/h3><\/div><\/div>\t\t<\/div>\n\t\t\t\t<\/div>\n\t\t\t\t\t\t<\/div>\n\t\t\t\t\t<\/div>\n\t\t<\/div>\n\t\t\t\t<div class=\"elementor-column elementor-col-25 elementor-top-column elementor-element elementor-element-24c2190\" data-id=\"24c2190\" data-element_type=\"column\">\n\t\t\t<div class=\"elementor-column-wrap elementor-element-populated\">\n\t\t\t\t\t\t\t<div class=\"elementor-widget-wrap\">\n\t\t\t\t\t\t<div class=\"elementor-element elementor-element-e5a11ba elementor-position-top elementor-vertical-align-top elementor-widget elementor-widget-image-box\" data-id=\"e5a11ba\" data-element_type=\"widget\" data-widget_type=\"image-box.default\">\n\t\t\t\t<div class=\"elementor-widget-container\">\n\t\t\t<div class=\"elementor-image-box-wrapper\"><figure class=\"elementor-image-box-img\"><img decoding=\"async\" src=\"https:\/\/www.montajeselectricostarragona.com\/wp-content\/uploads\/2020\/04\/e4.jpg\" title=\"e4\" alt=\"e4\" class=\"elementor-animation-grow\" \/><\/figure><div class=\"elementor-image-box-content\"><h3 class=\"elementor-image-box-title\">Manufacturers auxiliary automotive sector<\/h3><\/div><\/div>\t\t<\/div>\n\t\t\t\t<\/div>\n\t\t\t\t\t\t<\/div>\n\t\t\t\t\t<\/div>\n\t\t<\/div>\n\t\t\t\t\t\t\t\t<\/div>\n\t\t\t\t\t<\/div>\n\t\t<\/section>\n\t\t\t\t\t\t\t\t\t<\/div>\n\t\t\t<\/div>\n\t\t\t\t\t<\/div>","protected":false},"excerpt":{"rendered":"<p>Empresa de Montajes El\u00e9ctricos Tarragona Montajes El\u00e9ctricos Tarragona, S.A.,\u00a0MET, es una de las empresas de montaje el\u00e9ctrico m\u00e1s antigua de la provincia de Tarragona.Fue fundada en el a\u00f1o 1974, dedic\u00e1ndose exclusivamente al \u00e1mbito industrial. Actualmente, la empresa consta de un equipo humano altamente cualificado con amplia experiencia y formaci\u00f3n continuada, especializada en dar soluciones eficientes [&hellip;]<\/p>","protected":false},"author":2,"featured_media":0,"parent":0,"menu_order":0,"comment_status":"closed","ping_status":"closed","template":"elementor_header_footer","meta":{"wp_mapbox_gl_js_media":[]},"_links":{"self":[{"href":"https:\/\/www.montajeselectricostarragona.com\/en\/wp-json\/wp\/v2\/pages\/513"}],"collection":[{"href":"https:\/\/www.montajeselectricostarragona.com\/en\/wp-json\/wp\/v2\/pages"}],"about":[{"href":"https:\/\/www.montajeselectricostarragona.com\/en\/wp-json\/wp\/v2\/types\/page"}],"author":[{"embeddable":true,"href":"https:\/\/www.montajeselectricostarragona.com\/en\/wp-json\/wp\/v2\/users\/2"}],"replies":[{"embeddable":true,"href":"https:\/\/www.montajeselectricostarragona.com\/en\/wp-json\/wp\/v2\/comments?post=513"}],"version-history":[{"count":18,"href":"https:\/\/www.montajeselectricostarragona.com\/en\/wp-json\/wp\/v2\/pages\/513\/revisions"}],"predecessor-version":[{"id":875,"href":"https:\/\/www.montajeselectricostarragona.com\/en\/wp-json\/wp\/v2\/pages\/513\/revisions\/875"}],"wp:attachment":[{"href":"https:\/\/www.montajeselectricostarragona.com\/en\/wp-json\/wp\/v2\/media?parent=513"}],"curies":[{"name":"wp","href":"https:\/\/api.w.org\/{rel}","templated":true}]}}