{"id":441,"date":"2017-08-10T05:07:30","date_gmt":"2017-08-10T05:07:30","guid":{"rendered":"http:\/\/8degreethemes.com\/demo\/the100\/classic\/?page_id=441"},"modified":"2020-05-06T17:58:48","modified_gmt":"2020-05-06T17:58:48","slug":"instalaciones","status":"publish","type":"page","link":"https:\/\/www.montajeselectricostarragona.com\/en\/instalaciones\/","title":{"rendered":"Installations"},"content":{"rendered":"<div data-elementor-type=\"wp-page\" data-elementor-id=\"441\" class=\"elementor elementor-441\">\n\t\t\t\t\t\t<div class=\"elementor-inner\">\n\t\t\t\t<div class=\"elementor-section-wrap\">\n\t\t\t\t\t\t\t\t\t<section class=\"elementor-section elementor-top-section elementor-element elementor-element-54457823 elementor-section-boxed elementor-section-height-default elementor-section-height-default\" data-id=\"54457823\" data-element_type=\"section\">\n\t\t\t\t\t\t<div class=\"elementor-container elementor-column-gap-default\">\n\t\t\t\t\t\t\t<div class=\"elementor-row\">\n\t\t\t\t\t<div class=\"elementor-column elementor-col-100 elementor-top-column elementor-element elementor-element-3e5d8e85\" data-id=\"3e5d8e85\" data-element_type=\"column\">\n\t\t\t<div class=\"elementor-column-wrap elementor-element-populated\">\n\t\t\t\t\t\t\t<div class=\"elementor-widget-wrap\">\n\t\t\t\t\t\t<div class=\"elementor-element elementor-element-f9b7f2e elementor-widget elementor-widget-text-editor\" data-id=\"f9b7f2e\" data-element_type=\"widget\" data-widget_type=\"text-editor.default\">\n\t\t\t\t<div class=\"elementor-widget-container\">\n\t\t\t\t\t\t\t\t<div class=\"elementor-text-editor elementor-clearfix\">\n\t\t\t\t<h2 align=\"justify\">Installations<\/h2><p align=\"justify\">More than 35 years of experience guarantee our company, in the field of industrial electrical installations both in small dimensions and in large projects.<\/p><p align=\"justify\">We have 600m2 of facilities, perfectly equipped to carry out any project, as well as all the technical means to offer you a complete and quality service.<\/p>\t\t\t\t\t<\/div>\n\t\t\t\t\t\t<\/div>\n\t\t\t\t<\/div>\n\t\t\t\t\t\t<\/div>\n\t\t\t\t\t<\/div>\n\t\t<\/div>\n\t\t\t\t\t\t\t\t<\/div>\n\t\t\t\t\t<\/div>\n\t\t<\/section>\n\t\t\t\t<section class=\"elementor-section elementor-top-section elementor-element elementor-element-10e91e2 elementor-section-boxed elementor-section-height-default elementor-section-height-default\" data-id=\"10e91e2\" data-element_type=\"section\">\n\t\t\t\t\t\t<div class=\"elementor-container elementor-column-gap-default\">\n\t\t\t\t\t\t\t<div class=\"elementor-row\">\n\t\t\t\t\t<div class=\"elementor-column elementor-col-100 elementor-top-column elementor-element elementor-element-a76fc50\" data-id=\"a76fc50\" data-element_type=\"column\">\n\t\t\t<div class=\"elementor-column-wrap elementor-element-populated\">\n\t\t\t\t\t\t\t<div class=\"elementor-widget-wrap\">\n\t\t\t\t\t\t<div class=\"elementor-element elementor-element-2822653 elementor-widget elementor-widget-text-editor\" data-id=\"2822653\" data-element_type=\"widget\" data-widget_type=\"text-editor.default\">\n\t\t\t\t<div class=\"elementor-widget-container\">\n\t\t\t\t\t\t\t\t<div class=\"elementor-text-editor elementor-clearfix\">\n\t\t\t\t<h3><strong>Nuestros principales trabajos:<\/strong><\/h3>\t\t\t\t\t<\/div>\n\t\t\t\t\t\t<\/div>\n\t\t\t\t<\/div>\n\t\t\t\t\t\t<\/div>\n\t\t\t\t\t<\/div>\n\t\t<\/div>\n\t\t\t\t\t\t\t\t<\/div>\n\t\t\t\t\t<\/div>\n\t\t<\/section>\n\t\t\t\t<section class=\"elementor-section elementor-top-section elementor-element elementor-element-d047274 elementor-section-boxed elementor-section-height-default elementor-section-height-default\" data-id=\"d047274\" data-element_type=\"section\">\n\t\t\t\t\t\t<div class=\"elementor-container elementor-column-gap-default\">\n\t\t\t\t\t\t\t<div class=\"elementor-row\">\n\t\t\t\t\t<div class=\"elementor-column elementor-col-25 elementor-top-column elementor-element elementor-element-bcbfff1\" data-id=\"bcbfff1\" data-element_type=\"column\">\n\t\t\t<div class=\"elementor-column-wrap elementor-element-populated\">\n\t\t\t\t\t\t\t<div class=\"elementor-widget-wrap\">\n\t\t\t\t\t\t<div class=\"elementor-element elementor-element-ff59e41 elementor-position-top elementor-vertical-align-top elementor-widget elementor-widget-image-box\" data-id=\"ff59e41\" data-element_type=\"widget\" data-widget_type=\"image-box.default\">\n\t\t\t\t<div class=\"elementor-widget-container\">\n\t\t\t<div class=\"elementor-image-box-wrapper\"><figure class=\"elementor-image-box-img\"><a href=\"https:\/\/www.montajeselectricostarragona.com\/en\/instalaciones-electricas-bt\/\" target=\"_blank\"><img decoding=\"async\" width=\"300\" height=\"270\" src=\"https:\/\/www.montajeselectricostarragona.com\/wp-content\/uploads\/2020\/04\/ia1.jpg\" class=\"elementor-animation-grow attachment-full size-full\" alt=\"\" loading=\"lazy\" \/><\/a><\/figure><div class=\"elementor-image-box-content\"><h3 class=\"elementor-image-box-title\"><a href=\"https:\/\/www.montajeselectricostarragona.com\/en\/instalaciones-electricas-bt\/\" target=\"_blank\">Electrical installations in B.T.<\/a><\/h3><\/div><\/div>\t\t<\/div>\n\t\t\t\t<\/div>\n\t\t\t\t\t\t<\/div>\n\t\t\t\t\t<\/div>\n\t\t<\/div>\n\t\t\t\t<div class=\"elementor-column elementor-col-25 elementor-top-column elementor-element elementor-element-e963d30\" data-id=\"e963d30\" data-element_type=\"column\">\n\t\t\t<div class=\"elementor-column-wrap elementor-element-populated\">\n\t\t\t\t\t\t\t<div class=\"elementor-widget-wrap\">\n\t\t\t\t\t\t<div class=\"elementor-element elementor-element-ad796f9 elementor-position-top elementor-vertical-align-top elementor-widget elementor-widget-image-box\" data-id=\"ad796f9\" data-element_type=\"widget\" data-widget_type=\"image-box.default\">\n\t\t\t\t<div class=\"elementor-widget-container\">\n\t\t\t<div class=\"elementor-image-box-wrapper\"><figure class=\"elementor-image-box-img\"><a href=\"https:\/\/www.montajeselectricostarragona.com\/en\/mantenimiento-instrumentacion\/\" target=\"_blank\"><img decoding=\"async\" width=\"300\" height=\"270\" src=\"https:\/\/www.montajeselectricostarragona.com\/wp-content\/uploads\/2020\/04\/ia2.jpg\" class=\"elementor-animation-grow attachment-full size-full\" alt=\"\" loading=\"lazy\" \/><\/a><\/figure><div class=\"elementor-image-box-content\"><h3 class=\"elementor-image-box-title\"><a href=\"https:\/\/www.montajeselectricostarragona.com\/en\/mantenimiento-instrumentacion\/\" target=\"_blank\">Electrical maintenance and instrumentation.<\/a><\/h3><\/div><\/div>\t\t<\/div>\n\t\t\t\t<\/div>\n\t\t\t\t\t\t<\/div>\n\t\t\t\t\t<\/div>\n\t\t<\/div>\n\t\t\t\t<div class=\"elementor-column elementor-col-25 elementor-top-column elementor-element elementor-element-98e7499\" data-id=\"98e7499\" data-element_type=\"column\">\n\t\t\t<div class=\"elementor-column-wrap elementor-element-populated\">\n\t\t\t\t\t\t\t<div class=\"elementor-widget-wrap\">\n\t\t\t\t\t\t<div class=\"elementor-element elementor-element-e1eb8da elementor-position-top elementor-vertical-align-top elementor-widget elementor-widget-image-box\" data-id=\"e1eb8da\" data-element_type=\"widget\" data-widget_type=\"image-box.default\">\n\t\t\t\t<div class=\"elementor-widget-container\">\n\t\t\t<div class=\"elementor-image-box-wrapper\"><figure class=\"elementor-image-box-img\"><a href=\"https:\/\/www.montajeselectricostarragona.com\/en\/automatizacion\/\" target=\"_blank\"><img decoding=\"async\" width=\"300\" height=\"270\" src=\"https:\/\/www.montajeselectricostarragona.com\/wp-content\/uploads\/2020\/04\/ia3.jpg\" class=\"elementor-animation-grow attachment-full size-full\" alt=\"\" loading=\"lazy\" \/><\/a><\/figure><div class=\"elementor-image-box-content\"><h3 class=\"elementor-image-box-title\"><a href=\"https:\/\/www.montajeselectricostarragona.com\/en\/automatizacion\/\" target=\"_blank\">Automation systems using PLC or PC.<\/a><\/h3><\/div><\/div>\t\t<\/div>\n\t\t\t\t<\/div>\n\t\t\t\t\t\t<\/div>\n\t\t\t\t\t<\/div>\n\t\t<\/div>\n\t\t\t\t<div class=\"elementor-column elementor-col-25 elementor-top-column elementor-element elementor-element-59fd245\" data-id=\"59fd245\" data-element_type=\"column\">\n\t\t\t<div class=\"elementor-column-wrap elementor-element-populated\">\n\t\t\t\t\t\t\t<div class=\"elementor-widget-wrap\">\n\t\t\t\t\t\t<div class=\"elementor-element elementor-element-488de1f elementor-position-top elementor-vertical-align-top elementor-widget elementor-widget-image-box\" data-id=\"488de1f\" data-element_type=\"widget\" data-widget_type=\"image-box.default\">\n\t\t\t\t<div class=\"elementor-widget-container\">\n\t\t\t<div class=\"elementor-image-box-wrapper\"><figure class=\"elementor-image-box-img\"><a href=\"https:\/\/www.montajeselectricostarragona.com\/en\/cuadros-electricos\/\" target=\"_blank\"><img decoding=\"async\" width=\"300\" height=\"270\" src=\"https:\/\/www.montajeselectricostarragona.com\/wp-content\/uploads\/2020\/04\/ia4.jpg\" class=\"elementor-animation-grow attachment-full size-full\" alt=\"\" loading=\"lazy\" \/><\/a><\/figure><div class=\"elementor-image-box-content\"><h3 class=\"elementor-image-box-title\"><a href=\"https:\/\/www.montajeselectricostarragona.com\/en\/cuadros-electricos\/\" target=\"_blank\">Realization of electrical panels.<\/a><\/h3><\/div><\/div>\t\t<\/div>\n\t\t\t\t<\/div>\n\t\t\t\t\t\t<\/div>\n\t\t\t\t\t<\/div>\n\t\t<\/div>\n\t\t\t\t\t\t\t\t<\/div>\n\t\t\t\t\t<\/div>\n\t\t<\/section>\n\t\t\t\t\t\t\t\t\t<\/div>\n\t\t\t<\/div>\n\t\t\t\t\t<\/div>","protected":false},"excerpt":{"rendered":"<p>Instalaciones M\u00e1s de 35 a\u00f1os de experiencia avalan a nuestra empresa, en el campo de las instalaciones el\u00e9ctricas industriales tanto en peque\u00f1as dimensiones como en grandes proyectos. Disponemos de 600m2 de instalaciones, perfectamente acondicionados para la realizaci\u00f3n de cualquier proyecto, as\u00ed como de todos los medios t\u00e9cnicos para ofrecerle un servicio \u00edntegro y de calidad. [&hellip;]<\/p>","protected":false},"author":2,"featured_media":0,"parent":0,"menu_order":0,"comment_status":"closed","ping_status":"closed","template":"elementor_header_footer","meta":{"wp_mapbox_gl_js_media":[]},"_links":{"self":[{"href":"https:\/\/www.montajeselectricostarragona.com\/en\/wp-json\/wp\/v2\/pages\/441"}],"collection":[{"href":"https:\/\/www.montajeselectricostarragona.com\/en\/wp-json\/wp\/v2\/pages"}],"about":[{"href":"https:\/\/www.montajeselectricostarragona.com\/en\/wp-json\/wp\/v2\/types\/page"}],"author":[{"embeddable":true,"href":"https:\/\/www.montajeselectricostarragona.com\/en\/wp-json\/wp\/v2\/users\/2"}],"replies":[{"embeddable":true,"href":"https:\/\/www.montajeselectricostarragona.com\/en\/wp-json\/wp\/v2\/comments?post=441"}],"version-history":[{"count":26,"href":"https:\/\/www.montajeselectricostarragona.com\/en\/wp-json\/wp\/v2\/pages\/441\/revisions"}],"predecessor-version":[{"id":800,"href":"https:\/\/www.montajeselectricostarragona.com\/en\/wp-json\/wp\/v2\/pages\/441\/revisions\/800"}],"wp:attachment":[{"href":"https:\/\/www.montajeselectricostarragona.com\/en\/wp-json\/wp\/v2\/media?parent=441"}],"curies":[{"name":"wp","href":"https:\/\/api.w.org\/{rel}","templated":true}]}}