{"id":378,"date":"2017-07-20T06:07:05","date_gmt":"2017-07-20T06:07:05","guid":{"rendered":"http:\/\/8degreethemes.com\/demo\/the100\/construction\/?page_id=378"},"modified":"2020-09-11T14:37:06","modified_gmt":"2020-09-11T14:37:06","slug":"contacto","status":"publish","type":"page","link":"https:\/\/www.montajeselectricostarragona.com\/en\/contacto\/","title":{"rendered":"Contact Us"},"content":{"rendered":"<div data-elementor-type=\"wp-page\" data-elementor-id=\"378\" class=\"elementor elementor-378\">\n\t\t\t\t\t\t<div class=\"elementor-inner\">\n\t\t\t\t<div class=\"elementor-section-wrap\">\n\t\t\t\t\t\t\t\t\t<section class=\"elementor-section elementor-top-section elementor-element elementor-element-29ca2b1 elementor-section-boxed elementor-section-height-default elementor-section-height-default\" data-id=\"29ca2b1\" data-element_type=\"section\">\n\t\t\t\t\t\t<div class=\"elementor-container elementor-column-gap-default\">\n\t\t\t\t\t\t\t<div class=\"elementor-row\">\n\t\t\t\t\t<div class=\"elementor-column elementor-col-100 elementor-top-column elementor-element elementor-element-c4056c5\" data-id=\"c4056c5\" data-element_type=\"column\">\n\t\t\t<div class=\"elementor-column-wrap elementor-element-populated\">\n\t\t\t\t\t\t\t<div class=\"elementor-widget-wrap\">\n\t\t\t\t\t\t<div class=\"elementor-element elementor-element-07a997d elementor-widget elementor-widget-text-editor\" data-id=\"07a997d\" data-element_type=\"widget\" data-widget_type=\"text-editor.default\">\n\t\t\t\t<div class=\"elementor-widget-container\">\n\t\t\t\t\t\t\t\t<div class=\"elementor-text-editor elementor-clearfix\">\n\t\t\t\t<h2>Contact Us<\/h2><p class=\"clear\">If you wish to contact us, we put at your disposal the following addresses and telephone numbers, we will assist you as soon as possible.<\/p><p><!-- \/wp:html --><\/p>\t\t\t\t\t<\/div>\n\t\t\t\t\t\t<\/div>\n\t\t\t\t<\/div>\n\t\t\t\t\t\t<\/div>\n\t\t\t\t\t<\/div>\n\t\t<\/div>\n\t\t\t\t\t\t\t\t<\/div>\n\t\t\t\t\t<\/div>\n\t\t<\/section>\n\t\t\t\t<section class=\"elementor-section elementor-top-section elementor-element elementor-element-845372a elementor-section-boxed elementor-section-height-default elementor-section-height-default\" data-id=\"845372a\" data-element_type=\"section\">\n\t\t\t\t\t\t<div class=\"elementor-container elementor-column-gap-default\">\n\t\t\t\t\t\t\t<div class=\"elementor-row\">\n\t\t\t\t\t<div class=\"elementor-column elementor-col-50 elementor-top-column elementor-element elementor-element-9a4117d\" data-id=\"9a4117d\" data-element_type=\"column\">\n\t\t\t<div class=\"elementor-column-wrap elementor-element-populated\">\n\t\t\t\t\t\t\t<div class=\"elementor-widget-wrap\">\n\t\t\t\t\t\t<div class=\"elementor-element elementor-element-938af7b elementor-widget elementor-widget-wp-widget-wpforms-widget\" data-id=\"938af7b\" data-element_type=\"widget\" data-widget_type=\"wp-widget-wpforms-widget.default\">\n\t\t\t\t<div class=\"elementor-widget-container\">\n\t\t\t<div class=\"wpforms-container wpforms-container-full\" id=\"wpforms-584\"><form id=\"wpforms-form-584\" class=\"wpforms-validate wpforms-form\" data-formid=\"584\" method=\"post\" enctype=\"multipart\/form-data\" action=\"\/en\/wp-json\/wp\/v2\/pages\/378\" data-token=\"8f61761b341ec2e890256aada5818aa2\" data-trp-original-action=\"\/en\/wp-json\/wp\/v2\/pages\/378\"><noscript class=\"wpforms-error-noscript\">Please enable JavaScript in your browser to complete this form.<\/noscript><div class=\"wpforms-field-container\"><div id=\"wpforms-584-field_5-container\" class=\"wpforms-field wpforms-field-name\" data-field-id=\"5\"><label class=\"wpforms-field-label\" for=\"wpforms-584-field_5\">Name and surname <span class=\"wpforms-required-label\">*<\/span><\/label><input type=\"text\" id=\"wpforms-584-field_5\" class=\"wpforms-field-medium wpforms-field-required\" name=\"wpforms[fields][5]\" required><\/div><div id=\"wpforms-584-field_3-container\" class=\"wpforms-field wpforms-field-text\" data-field-id=\"3\"><label class=\"wpforms-field-label\" for=\"wpforms-584-field_3\">Company <span class=\"wpforms-required-label\">*<\/span><\/label><input type=\"text\" id=\"wpforms-584-field_3\" class=\"wpforms-field-medium wpforms-field-required\" name=\"wpforms[fields][3]\" required><\/div><div id=\"wpforms-584-field_6-container\" class=\"wpforms-field wpforms-field-text\" data-field-id=\"6\"><label class=\"wpforms-field-label\" for=\"wpforms-584-field_6\">Phone<\/label><input type=\"text\" id=\"wpforms-584-field_6\" class=\"wpforms-field-medium\" name=\"wpforms[fields][6]\" ><\/div><div id=\"wpforms-584-field_1-container\" class=\"wpforms-field wpforms-field-email\" data-field-id=\"1\"><label class=\"wpforms-field-label\" for=\"wpforms-584-field_1\">EMail <span class=\"wpforms-required-label\">*<\/span><\/label><input type=\"email\" id=\"wpforms-584-field_1\" class=\"wpforms-field-medium wpforms-field-required\" name=\"wpforms[fields][1]\" required><\/div><div id=\"wpforms-584-field_2-container\" class=\"wpforms-field wpforms-field-textarea\" data-field-id=\"2\"><label class=\"wpforms-field-label\" for=\"wpforms-584-field_2\">Message <span class=\"wpforms-required-label\">*<\/span><\/label><textarea id=\"wpforms-584-field_2\" class=\"wpforms-field-medium wpforms-field-required\" name=\"wpforms[fields][2]\" required><\/textarea><\/div><div id=\"wpforms-584-field_9-container\" class=\"wpforms-field wpforms-field-checkbox\" data-field-id=\"9\"><label class=\"wpforms-field-label\" for=\"wpforms-584-field_9\">Uso y Aviso Legal <span class=\"wpforms-required-label\">*<\/span><\/label><ul id=\"wpforms-584-field_9\" class=\"wpforms-field-required\"><li class=\"choice-1 depth-1\"><input type=\"checkbox\" id=\"wpforms-584-field_9_1\" name=\"wpforms[fields][9][]\" value=\"Aceptaci\u00f3n de los T\u00e9rminos y Condiciones de Uso y Aviso Legal\" required><label class=\"wpforms-field-label-inline\" for=\"wpforms-584-field_9_1\">Aceptaci\u00f3n de los T\u00e9rminos y Condiciones de Uso y Aviso Legal<\/label><\/li><\/ul><div class=\"wpforms-field-description\"><a href=\"https:\/\/www.montajeselectricostarragona.com\/en\/aviso-legal\/\">Ver Aviso Legal<\/a><\/div><\/div><div id=\"wpforms-584-field_10-container\" class=\"wpforms-field wpforms-field-checkbox\" data-field-id=\"10\"><label class=\"wpforms-field-label\" for=\"wpforms-584-field_10\">Pol\u00edtica de privacidad. <span class=\"wpforms-required-label\">*<\/span><\/label><ul id=\"wpforms-584-field_10\" class=\"wpforms-field-required\"><li class=\"choice-1 depth-1\"><input type=\"checkbox\" id=\"wpforms-584-field_10_1\" name=\"wpforms[fields][10][]\" value=\"Aceptaci\u00f3n de los T\u00e9rminos y Condiciones Pol\u00edtica de privacidad\" required><label class=\"wpforms-field-label-inline\" for=\"wpforms-584-field_10_1\">Aceptaci\u00f3n de los T\u00e9rminos y Condiciones Pol\u00edtica de privacidad<\/label><\/li><\/ul><div class=\"wpforms-field-description\"><a href=\"https:\/\/www.montajeselectricostarragona.com\/en\/politicas-de-privacidad\/\">Ver Pol\u00edticas de privacidad<\/a><\/div><\/div><\/div><div class=\"wpforms-field wpforms-field-hp\"><label for=\"wpforms-584-field-hp\" class=\"wpforms-field-label\">Message<\/label><input type=\"text\" name=\"wpforms[hp]\" id=\"wpforms-584-field-hp\" class=\"wpforms-field-medium\"><\/div><div class=\"wpforms-submit-container\"><input type=\"hidden\" name=\"wpforms[id]\" value=\"584\"><input type=\"hidden\" name=\"wpforms[author]\" value=\"2\"><button type=\"submit\" name=\"wpforms[submit]\" id=\"wpforms-submit-584\" class=\"wpforms-submit\" data-alt-text=\"Enviando...\" data-submit-text=\"Enviar\" aria-live=\"assertive\" value=\"wpforms-submit\">Send<\/button><\/div><input type=\"hidden\" name=\"trp-form-language\" value=\"en\"\/><\/form><\/div>  <!-- .wpforms-container -->\t\t<\/div>\n\t\t\t\t<\/div>\n\t\t\t\t\t\t<\/div>\n\t\t\t\t\t<\/div>\n\t\t<\/div>\n\t\t\t\t<div class=\"elementor-column elementor-col-50 elementor-top-column elementor-element elementor-element-d346239\" data-id=\"d346239\" data-element_type=\"column\">\n\t\t\t<div class=\"elementor-column-wrap elementor-element-populated\">\n\t\t\t\t\t\t\t<div class=\"elementor-widget-wrap\">\n\t\t\t\t\t\t<div class=\"elementor-element elementor-element-259eaa0 elementor-widget elementor-widget-html\" data-id=\"259eaa0\" data-element_type=\"widget\" data-widget_type=\"html.default\">\n\t\t\t\t<div class=\"elementor-widget-container\">\n\t\t\t<iframe loading=\"lazy\" src=\"https:\/\/www.google.com\/maps\/embed?pb=!1m18!1m12!1m3!1d1502.2948836844268!2d1.2253997627959916!3d41.14348059586993!2m3!1f0!2f0!3f0!3m2!1i1024!2i768!4f13.1!3m3!1m2!1s0x12a3fd6e011bd03b%3A0xb00b27f87fdd3598!2sCarrer%20del%20Mercuri%2C%2012%2C%2043006%20Tarragona%2C%20Espa%C3%B1a!5e0!3m2!1ses-419!2sar!4v1599834949383!5m2!1ses-419!2sar\" width=\"600\" height=\"400\" frameborder=\"0\" style=\"border:0;\" allowfullscreen=\"\" aria-hidden=\"false\" tabindex=\"0\"><\/iframe>\t\t<\/div>\n\t\t\t\t<\/div>\n\t\t\t\t<div class=\"elementor-element elementor-element-61f5b97 elementor-widget elementor-widget-text-editor\" data-id=\"61f5b97\" data-element_type=\"widget\" data-widget_type=\"text-editor.default\">\n\t\t\t\t<div class=\"elementor-widget-container\">\n\t\t\t\t\t\t\t\t<div class=\"elementor-text-editor elementor-clearfix\">\n\t\t\t\t<ul class=\"contact-info\">\n \t<li><strong>Pol\u00edgono Industrial Riu Clar<\/strong><\/li>\n \t<li><i class=\"fa fa-map-marker\"><\/i>C\/Mercurio, 12 Complejo 5-1-5 Edificio 2 Nave 27-29 43006 TARRAGONA (Espa\u00f1a)<\/li>\n \t<li><i class=\"fa fa-phone\"><\/i>+34 977 54 17 83<\/li>\n \t<li><i class=\"fa fa-envelope\"><\/i> info@montajeselectricostarragona.com<\/li>\n<\/ul>\t\t\t\t\t<\/div>\n\t\t\t\t\t\t<\/div>\n\t\t\t\t<\/div>\n\t\t\t\t\t\t<\/div>\n\t\t\t\t\t<\/div>\n\t\t<\/div>\n\t\t\t\t\t\t\t\t<\/div>\n\t\t\t\t\t<\/div>\n\t\t<\/section>\n\t\t\t\t<section class=\"elementor-section elementor-top-section elementor-element elementor-element-741fb45 elementor-section-boxed elementor-section-height-default elementor-section-height-default\" data-id=\"741fb45\" data-element_type=\"section\">\n\t\t\t\t\t\t<div class=\"elementor-container elementor-column-gap-default\">\n\t\t\t\t\t\t\t<div class=\"elementor-row\">\n\t\t\t\t\t<div class=\"elementor-column elementor-col-100 elementor-top-column elementor-element elementor-element-2673dc8\" data-id=\"2673dc8\" data-element_type=\"column\">\n\t\t\t<div class=\"elementor-column-wrap\">\n\t\t\t\t\t\t\t<div class=\"elementor-widget-wrap\">\n\t\t\t\t\t\t\t\t<\/div>\n\t\t\t\t\t<\/div>\n\t\t<\/div>\n\t\t\t\t\t\t\t\t<\/div>\n\t\t\t\t\t<\/div>\n\t\t<\/section>\n\t\t\t\t\t\t\t\t\t<\/div>\n\t\t\t<\/div>\n\t\t\t\t\t<\/div>","protected":false},"excerpt":{"rendered":"<p>Contacto Si desea contactar con nosotros, ponemos a su disposici\u00f3n las siguientes direcciones y tel\u00e9fonos, le atenderemos con la mayor brevedad posible. Pol\u00edgono Industrial Riu Clar C\/Mercurio, 12 Complejo 5-1-5 Edificio 2 Nave 27-29 43006 TARRAGONA (Espa\u00f1a) +34 977 54 17 83 info@montajeselectricostarragona.com<\/p>","protected":false},"author":2,"featured_media":0,"parent":0,"menu_order":0,"comment_status":"closed","ping_status":"closed","template":"elementor_header_footer","meta":{"wp_mapbox_gl_js_media":[]},"_links":{"self":[{"href":"https:\/\/www.montajeselectricostarragona.com\/en\/wp-json\/wp\/v2\/pages\/378"}],"collection":[{"href":"https:\/\/www.montajeselectricostarragona.com\/en\/wp-json\/wp\/v2\/pages"}],"about":[{"href":"https:\/\/www.montajeselectricostarragona.com\/en\/wp-json\/wp\/v2\/types\/page"}],"author":[{"embeddable":true,"href":"https:\/\/www.montajeselectricostarragona.com\/en\/wp-json\/wp\/v2\/users\/2"}],"replies":[{"embeddable":true,"href":"https:\/\/www.montajeselectricostarragona.com\/en\/wp-json\/wp\/v2\/comments?post=378"}],"version-history":[{"count":24,"href":"https:\/\/www.montajeselectricostarragona.com\/en\/wp-json\/wp\/v2\/pages\/378\/revisions"}],"predecessor-version":[{"id":921,"href":"https:\/\/www.montajeselectricostarragona.com\/en\/wp-json\/wp\/v2\/pages\/378\/revisions\/921"}],"wp:attachment":[{"href":"https:\/\/www.montajeselectricostarragona.com\/en\/wp-json\/wp\/v2\/media?parent=378"}],"curies":[{"name":"wp","href":"https:\/\/api.w.org\/{rel}","templated":true}]}}