{"id":376,"date":"2017-07-20T06:06:04","date_gmt":"2017-07-20T06:06:04","guid":{"rendered":"http:\/\/8degreethemes.com\/demo\/the100\/construction\/?page_id=376"},"modified":"2026-02-06T13:20:55","modified_gmt":"2026-02-06T13:20:55","slug":"calidad","status":"publish","type":"page","link":"https:\/\/www.montajeselectricostarragona.com\/en\/calidad\/","title":{"rendered":"Quality"},"content":{"rendered":"<div data-elementor-type=\"wp-page\" data-elementor-id=\"376\" class=\"elementor elementor-376\">\n\t\t\t\t\t\t<div class=\"elementor-inner\">\n\t\t\t\t<div class=\"elementor-section-wrap\">\n\t\t\t\t\t\t\t\t\t<section class=\"elementor-section elementor-top-section elementor-element elementor-element-60b8f792 elementor-section-boxed elementor-section-height-default elementor-section-height-default\" data-id=\"60b8f792\" data-element_type=\"section\">\n\t\t\t\t\t\t<div class=\"elementor-container elementor-column-gap-default\">\n\t\t\t\t\t\t\t<div class=\"elementor-row\">\n\t\t\t\t\t<div class=\"elementor-column elementor-col-100 elementor-top-column elementor-element elementor-element-41624198\" data-id=\"41624198\" data-element_type=\"column\">\n\t\t\t<div class=\"elementor-column-wrap elementor-element-populated\">\n\t\t\t\t\t\t\t<div class=\"elementor-widget-wrap\">\n\t\t\t\t\t\t<div class=\"elementor-element elementor-element-529d7090 elementor-widget elementor-widget-text-editor\" data-id=\"529d7090\" data-element_type=\"widget\" data-widget_type=\"text-editor.default\">\n\t\t\t\t<div class=\"elementor-widget-container\">\n\t\t\t\t\t\t\t\t<div class=\"elementor-text-editor elementor-clearfix\">\n\t\t\t\t<h2>Quality<\/h2><p class=\" translation-block\">Since its inception, one of the priority objectives of MET, SA has been to satisfy the needs and expectations of its customers, complying at all times with the legal and regulatory requirements in force. <br> In 2004 MET, SA developed and implemented a system of quality management in order to direct itself towards continuous improvement in its activities and increase the satisfaction of its customers and obtaining the following certifications:<\/p>\t\t\t\t\t<\/div>\n\t\t\t\t\t\t<\/div>\n\t\t\t\t<\/div>\n\t\t\t\t\t\t<\/div>\n\t\t\t\t\t<\/div>\n\t\t<\/div>\n\t\t\t\t\t\t\t\t<\/div>\n\t\t\t\t\t<\/div>\n\t\t<\/section>\n\t\t\t\t<section class=\"elementor-section elementor-top-section elementor-element elementor-element-3268d1c elementor-section-boxed elementor-section-height-default elementor-section-height-default\" data-id=\"3268d1c\" data-element_type=\"section\">\n\t\t\t\t\t\t<div class=\"elementor-container elementor-column-gap-default\">\n\t\t\t\t\t\t\t<div class=\"elementor-row\">\n\t\t\t\t\t<div class=\"elementor-column elementor-col-50 elementor-top-column elementor-element elementor-element-359b03f\" data-id=\"359b03f\" data-element_type=\"column\">\n\t\t\t<div class=\"elementor-column-wrap elementor-element-populated\">\n\t\t\t\t\t\t\t<div class=\"elementor-widget-wrap\">\n\t\t\t\t\t\t<div class=\"elementor-element elementor-element-c2880b4 elementor-align-justify elementor-widget elementor-widget-button\" data-id=\"c2880b4\" data-element_type=\"widget\" data-widget_type=\"button.default\">\n\t\t\t\t<div class=\"elementor-widget-container\">\n\t\t\t\t\t<div class=\"elementor-button-wrapper\">\n\t\t\t<a href=\"http:\/\/www.montajeselectricostarragona.com\/wp-content\/uploads\/2024\/11\/CERT-45001.pdf\" target=\"_blank\" class=\"elementor-button-link elementor-button elementor-size-sm\" role=\"button\">\n\t\t\t\t\t\t<span class=\"elementor-button-content-wrapper\">\n\t\t\t\t\t\t\t<span class=\"elementor-button-icon elementor-align-icon-left\">\n\t\t\t\t<i aria-hidden=\"true\" class=\"far fa-file-alt\"><\/i>\t\t\t<\/span>\n\t\t\t\t\t\t<span class=\"elementor-button-text\">ISO-45001<\/span>\n\t\t<\/span>\n\t\t\t\t\t<\/a>\n\t\t<\/div>\n\t\t\t\t<\/div>\n\t\t\t\t<\/div>\n\t\t\t\t\t\t<\/div>\n\t\t\t\t\t<\/div>\n\t\t<\/div>\n\t\t\t\t<div class=\"elementor-column elementor-col-50 elementor-top-column elementor-element elementor-element-a6f26fb\" data-id=\"a6f26fb\" data-element_type=\"column\">\n\t\t\t<div class=\"elementor-column-wrap elementor-element-populated\">\n\t\t\t\t\t\t\t<div class=\"elementor-widget-wrap\">\n\t\t\t\t\t\t<div class=\"elementor-element elementor-element-0cc97f9 elementor-align-justify elementor-widget elementor-widget-button\" data-id=\"0cc97f9\" data-element_type=\"widget\" data-widget_type=\"button.default\">\n\t\t\t\t<div class=\"elementor-widget-container\">\n\t\t\t\t\t<div class=\"elementor-button-wrapper\">\n\t\t\t<a href=\"http:\/\/www.montajeselectricostarragona.com\/wp-content\/uploads\/2026\/02\/SGS_ISO-9001_2015_ES1417130_ES.pdf\" target=\"_blank\" class=\"elementor-button-link elementor-button elementor-size-sm\" role=\"button\">\n\t\t\t\t\t\t<span class=\"elementor-button-content-wrapper\">\n\t\t\t\t\t\t\t<span class=\"elementor-button-icon elementor-align-icon-left\">\n\t\t\t\t<i aria-hidden=\"true\" class=\"far fa-file-alt\"><\/i>\t\t\t<\/span>\n\t\t\t\t\t\t<span class=\"elementor-button-text\">ISO 9001 CALIDAD<\/span>\n\t\t<\/span>\n\t\t\t\t\t<\/a>\n\t\t<\/div>\n\t\t\t\t<\/div>\n\t\t\t\t<\/div>\n\t\t\t\t\t\t<\/div>\n\t\t\t\t\t<\/div>\n\t\t<\/div>\n\t\t\t\t\t\t\t\t<\/div>\n\t\t\t\t\t<\/div>\n\t\t<\/section>\n\t\t\t\t<section class=\"elementor-section elementor-top-section elementor-element elementor-element-be33e70 elementor-section-content-middle elementor-section-boxed elementor-section-height-default elementor-section-height-default\" data-id=\"be33e70\" data-element_type=\"section\">\n\t\t\t\t\t\t<div class=\"elementor-container elementor-column-gap-default\">\n\t\t\t\t\t\t\t<div class=\"elementor-row\">\n\t\t\t\t\t<div class=\"elementor-column elementor-col-50 elementor-top-column elementor-element elementor-element-5bd0c1e\" data-id=\"5bd0c1e\" data-element_type=\"column\">\n\t\t\t<div class=\"elementor-column-wrap elementor-element-populated\">\n\t\t\t\t\t\t\t<div class=\"elementor-widget-wrap\">\n\t\t\t\t\t\t<div class=\"elementor-element elementor-element-d388435 elementor-align-justify elementor-widget elementor-widget-button\" data-id=\"d388435\" data-element_type=\"widget\" data-widget_type=\"button.default\">\n\t\t\t\t<div class=\"elementor-widget-container\">\n\t\t\t\t\t<div class=\"elementor-button-wrapper\">\n\t\t\t<a href=\"http:\/\/www.montajeselectricostarragona.com\/wp-content\/uploads\/2026\/02\/AEQT_SEGURIDAD_VAL_06-2027_.pdf\" target=\"_blank\" class=\"elementor-button-link elementor-button elementor-size-sm\" role=\"button\">\n\t\t\t\t\t\t<span class=\"elementor-button-content-wrapper\">\n\t\t\t\t\t\t\t<span class=\"elementor-button-icon elementor-align-icon-left\">\n\t\t\t\t<i aria-hidden=\"true\" class=\"far fa-file-alt\"><\/i>\t\t\t<\/span>\n\t\t\t\t\t\t<span class=\"elementor-button-text\">AEQT<\/span>\n\t\t<\/span>\n\t\t\t\t\t<\/a>\n\t\t<\/div>\n\t\t\t\t<\/div>\n\t\t\t\t<\/div>\n\t\t\t\t\t\t<\/div>\n\t\t\t\t\t<\/div>\n\t\t<\/div>\n\t\t\t\t<div class=\"elementor-column elementor-col-50 elementor-top-column elementor-element elementor-element-485da7c\" data-id=\"485da7c\" data-element_type=\"column\">\n\t\t\t<div class=\"elementor-column-wrap elementor-element-populated\">\n\t\t\t\t\t\t\t<div class=\"elementor-widget-wrap\">\n\t\t\t\t\t\t<div class=\"elementor-element elementor-element-ee400ab elementor-align-justify elementor-widget elementor-widget-button\" data-id=\"ee400ab\" data-element_type=\"widget\" data-widget_type=\"button.default\">\n\t\t\t\t<div class=\"elementor-widget-container\">\n\t\t\t\t\t<div class=\"elementor-button-wrapper\">\n\t\t\t<a href=\"http:\/\/www.montajeselectricostarragona.com\/wp-content\/uploads\/2020\/12\/Politica-de-Calidad.pdf\" target=\"_blank\" class=\"elementor-button-link elementor-button elementor-size-sm\" role=\"button\">\n\t\t\t\t\t\t<span class=\"elementor-button-content-wrapper\">\n\t\t\t\t\t\t\t<span class=\"elementor-button-icon elementor-align-icon-left\">\n\t\t\t\t<i aria-hidden=\"true\" class=\"far fa-file-alt\"><\/i>\t\t\t<\/span>\n\t\t\t\t\t\t<span class=\"elementor-button-text\">Politica de Calidad, Ambiental y Seguridad  y Salud en el Trabajo<\/span>\n\t\t<\/span>\n\t\t\t\t\t<\/a>\n\t\t<\/div>\n\t\t\t\t<\/div>\n\t\t\t\t<\/div>\n\t\t\t\t\t\t<\/div>\n\t\t\t\t\t<\/div>\n\t\t<\/div>\n\t\t\t\t\t\t\t\t<\/div>\n\t\t\t\t\t<\/div>\n\t\t<\/section>\n\t\t\t\t<section class=\"elementor-section elementor-top-section elementor-element elementor-element-8dbc664 elementor-section-boxed elementor-section-height-default elementor-section-height-default\" data-id=\"8dbc664\" data-element_type=\"section\">\n\t\t\t\t\t\t<div class=\"elementor-container elementor-column-gap-default\">\n\t\t\t\t\t\t\t<div class=\"elementor-row\">\n\t\t\t\t\t<div class=\"elementor-column elementor-col-100 elementor-top-column elementor-element elementor-element-17e98fe\" data-id=\"17e98fe\" data-element_type=\"column\">\n\t\t\t<div class=\"elementor-column-wrap elementor-element-populated\">\n\t\t\t\t\t\t\t<div class=\"elementor-widget-wrap\">\n\t\t\t\t\t\t<div class=\"elementor-element elementor-element-d09fd51 elementor-widget elementor-widget-heading\" data-id=\"d09fd51\" data-element_type=\"widget\" data-widget_type=\"heading.default\">\n\t\t\t\t<div class=\"elementor-widget-container\">\n\t\t\t<h2 class=\"elementor-heading-title elementor-size-default\">Quality and Safety Policy<\/h2>\t\t<\/div>\n\t\t\t\t<\/div>\n\t\t\t\t<div class=\"elementor-element elementor-element-2d263d6 elementor-widget elementor-widget-text-editor\" data-id=\"2d263d6\" data-element_type=\"widget\" data-widget_type=\"text-editor.default\">\n\t\t\t\t<div class=\"elementor-widget-container\">\n\t\t\t\t\t\t\t\t<div class=\"elementor-text-editor elementor-clearfix\">\n\t\t\t\t<p align=\"justify\" class=\" translation-block\"><span style=\"color: # 35679a\"> Montajes El\u00e9ctricos Tarragona, SA <\/span> is committed to providing a quality and safety service aimed at complying with the requirements and demands of our clients, as well as with current regulations and For this, it establishes the following principles in terms of quality and safety:<\/p><p>- The satisfaction of the needs and expectations of our clients is the objective that should guide our present and future actions.<\/p><p>- Continuous improvement is essential to maintain and improve our position in the market by providing a service that responds to the interests and needs of our current or potential customers.<\/p><p>- The incidents detected are a source of data that will help us make decisions and that we must identify and communicate at the levels established by the Organization. This will help us to act proactively and to continually improve the effectiveness and efficiency of our activities.<\/p><p>- The standards established by the organization and the electrotechnical regulations are the pattern that the staff must follow to guarantee the levels of quality and safety demanded by our clients and the current regulations. To this end, the Quality and Safety Manager checks its execution by scheduling internal audits that are the basis for improving the effectiveness of the Quality and Safety Management System.<\/p><p>&#8211; La aplicaci\u00f3n de la presente Pol\u00edtica de la Calidad y Seguridad exige la integraci\u00f3n activa entre todo el personal. <strong>Montajes El\u00e9ctricos Tarragona, S.A.\u00a0<\/strong>considers an adequate level of staff competence essential and for this, plans and provides the necessary resources to maintain and improve the technical and quality training of all the Organization's staff.<\/p>\t\t\t\t\t<\/div>\n\t\t\t\t\t\t<\/div>\n\t\t\t\t<\/div>\n\t\t\t\t\t\t<\/div>\n\t\t\t\t\t<\/div>\n\t\t<\/div>\n\t\t\t\t\t\t\t\t<\/div>\n\t\t\t\t\t<\/div>\n\t\t<\/section>\n\t\t\t\t<section class=\"elementor-section elementor-top-section elementor-element elementor-element-f39c625 elementor-section-boxed elementor-section-height-default elementor-section-height-default\" data-id=\"f39c625\" data-element_type=\"section\">\n\t\t\t\t\t\t<div class=\"elementor-container elementor-column-gap-default\">\n\t\t\t\t\t\t\t<div class=\"elementor-row\">\n\t\t\t\t\t<div class=\"elementor-column elementor-col-100 elementor-top-column elementor-element elementor-element-33ac3ce\" data-id=\"33ac3ce\" data-element_type=\"column\">\n\t\t\t<div class=\"elementor-column-wrap elementor-element-populated\">\n\t\t\t\t\t\t\t<div class=\"elementor-widget-wrap\">\n\t\t\t\t\t\t<div class=\"elementor-element elementor-element-a7e1d4c elementor-widget elementor-widget-heading\" data-id=\"a7e1d4c\" data-element_type=\"widget\" data-widget_type=\"heading.default\">\n\t\t\t\t<div class=\"elementor-widget-container\">\n\t\t\t<h2 class=\"elementor-heading-title elementor-size-default\">Compliance: Nuestra Responsabilidad Empresarial<\/h2>\t\t<\/div>\n\t\t\t\t<\/div>\n\t\t\t\t<div class=\"elementor-element elementor-element-1205c70 elementor-widget elementor-widget-text-editor\" data-id=\"1205c70\" data-element_type=\"widget\" data-widget_type=\"text-editor.default\">\n\t\t\t\t<div class=\"elementor-widget-container\">\n\t\t\t\t\t\t\t\t<div class=\"elementor-text-editor elementor-clearfix\">\n\t\t\t\t<p class=\"p1\">En MET, SA, nos enorgullece anunciar que nuestra dedicaci\u00f3n a la \u201ccompliance\u201d ha sido reconocida mediante la obtenci\u00f3n de la certificaci\u00f3n ECOVADIS. Este logro refleja nuestro compromiso constante con los m\u00e1s altos est\u00e1ndares \u00e9ticos, legales y de sostenibilidad en todas nuestras operaciones.<\/p>\n<p class=\"p1\">\u00bfQu\u00e9 Significa la Certificaci\u00f3n ECOVADIS?<\/p>\n<p class=\"p1\">La certificaci\u00f3n ECOVADIS es un testimonio independiente de nuestra excelencia en el cumplimiento normativo y nuestra adhesi\u00f3n a las mejores pr\u00e1cticas en la industria. Para obtener esta certificaci\u00f3n, hemos sido evaluados rigurosamente en \u00e1reas clave, incluyendo legalidad, \u00e9tica empresarial, protecci\u00f3n de datos y sostenibilidad. Este reconocimiento respalda nuestro compromiso con la transparencia, la integridad y la responsabilidad en todo lo que hacemos.<\/p>\n<a href=\"http:\/\/www.montajeselectricostarragona.com\/wp-content\/uploads\/2026\/02\/MONTAJES_ELECTRICOS_TARRAGONA_SA_CSR_Highlights_2026_02_03.pdf\" target=\"_blank\" rel=\"noopener\"><img decoding=\"async\" loading=\"lazy\" class=\"wp-image-1115 size-thumbnail aligncenter\" src=\"http:\/\/www.montajeselectricostarragona.com\/wp-content\/uploads\/2026\/02\/medal.jpeg\" alt=\"\" width=\"150\" height=\"150\" \/><\/a>\n<p class=\"p1\">En MET, SA, valoramos la integridad, la \u00e9tica y la transparencia en todas nuestras operaciones. Nuestro compromiso con el cumplimiento se extiende al establecimiento de un canal de denuncias accesible y confidencial para aquellos que deseen informar sobre infracciones normativas y de lucha contra la corrupci\u00f3n.<\/p>\n<p class=\"p1\">La regulaci\u00f3n, presente en la\u00a0<strong><span style=\"color: #993300;\"><a style=\"color: #993300;\" href=\"https:\/\/eur-lex.europa.eu\/legal-content\/ES\/LSU\/?uri=CELEX:32019L1937\" target=\"_blank\" rel=\"noopener\"><span class=\"s1\">directiva (UE) 2019\/1937<\/span><\/a><\/span><\/strong>, fue establecida en 2019. En Espa\u00f1a ha entrado en vigor en 2023 mediante la<a href=\"https:\/\/www.boe.es\/buscar\/act.php?id=BOE-A-2023-4513\" target=\"_blank\" rel=\"noopener\">\u00a0<span class=\"s1\"><strong><span style=\"color: #993300;\">Ley 2\/2023<\/span><\/strong><\/span><\/a>, de 20 de febrero. Esta ley ha transpuesto en nuestro pa\u00eds la conocida como directiva Whistleblower.<\/p>\n<a href=\"https:\/\/app.sesametime.com\/complaint\/montajeselectricostarragona?sesameRegion=EU1\" target=\"_blank\" rel=\"noopener\"><img decoding=\"async\" loading=\"lazy\" class=\"wp-image-1133 size-medium aligncenter\" src=\"http:\/\/www.montajeselectricostarragona.com\/wp-content\/uploads\/2025\/06\/canaldedenuncias-254x300.jpeg\" alt=\"\" width=\"254\" height=\"300\" srcset=\"https:\/\/www.montajeselectricostarragona.com\/wp-content\/uploads\/2025\/06\/canaldedenuncias-254x300.jpeg 254w, https:\/\/www.montajeselectricostarragona.com\/wp-content\/uploads\/2025\/06\/canaldedenuncias-10x12.jpeg 10w, https:\/\/www.montajeselectricostarragona.com\/wp-content\/uploads\/2025\/06\/canaldedenuncias.jpeg 377w\" sizes=\"(max-width: 254px) 100vw, 254px\" \/><\/a>\t\t\t\t\t<\/div>\n\t\t\t\t\t\t<\/div>\n\t\t\t\t<\/div>\n\t\t\t\t\t\t<\/div>\n\t\t\t\t\t<\/div>\n\t\t<\/div>\n\t\t\t\t\t\t\t\t<\/div>\n\t\t\t\t\t<\/div>\n\t\t<\/section>\n\t\t\t\t\t\t\t\t\t<\/div>\n\t\t\t<\/div>\n\t\t\t\t\t<\/div>","protected":false},"excerpt":{"rendered":"<p>Calidad Desde sus inicios uno de los objetivos prioritarios de MET,SA ha sido satisfacer las necesidades y expectativas de sus clientes, cumpliendo en todo momento con los requisitos legales y reglamentarios vigentes.En el a\u00f1o 2004 MET,SA desarroll\u00f3 e implement\u00f3 un sistema de gesti\u00f3n de la calidad en aras de encauzarse hacia la mejora continua en [&hellip;]<\/p>","protected":false},"author":2,"featured_media":0,"parent":0,"menu_order":0,"comment_status":"closed","ping_status":"closed","template":"elementor_header_footer","meta":{"wp_mapbox_gl_js_media":[]},"_links":{"self":[{"href":"https:\/\/www.montajeselectricostarragona.com\/en\/wp-json\/wp\/v2\/pages\/376"}],"collection":[{"href":"https:\/\/www.montajeselectricostarragona.com\/en\/wp-json\/wp\/v2\/pages"}],"about":[{"href":"https:\/\/www.montajeselectricostarragona.com\/en\/wp-json\/wp\/v2\/types\/page"}],"author":[{"embeddable":true,"href":"https:\/\/www.montajeselectricostarragona.com\/en\/wp-json\/wp\/v2\/users\/2"}],"replies":[{"embeddable":true,"href":"https:\/\/www.montajeselectricostarragona.com\/en\/wp-json\/wp\/v2\/comments?post=376"}],"version-history":[{"count":68,"href":"https:\/\/www.montajeselectricostarragona.com\/en\/wp-json\/wp\/v2\/pages\/376\/revisions"}],"predecessor-version":[{"id":1154,"href":"https:\/\/www.montajeselectricostarragona.com\/en\/wp-json\/wp\/v2\/pages\/376\/revisions\/1154"}],"wp:attachment":[{"href":"https:\/\/www.montajeselectricostarragona.com\/en\/wp-json\/wp\/v2\/media?parent=376"}],"curies":[{"name":"wp","href":"https:\/\/api.w.org\/{rel}","templated":true}]}}